{"id":5497,"date":"2024-08-05T10:20:27","date_gmt":"2024-08-05T10:20:27","guid":{"rendered":"https:\/\/disneylanddz.com\/?post_type=product&#038;p=5497"},"modified":"2025-02-14T16:51:57","modified_gmt":"2025-02-14T16:51:57","slug":"vtech-v-mix-mon-robot-patissier-magique-mixeur-blender-cuisine-enfant-dinette-interactive-18-pieces-et-accessoires-de-jeu-cadeau-enfant-fille-et-garcon-de-2-ans-a-6-ans-contenu-en-francais","status":"publish","type":"product","link":"https:\/\/disneylanddz.com\/ar\/product\/vtech-v-mix-mon-robot-patissier-magique-mixeur-blender-cuisine-enfant-dinette-interactive-18-pieces-et-accessoires-de-jeu-cadeau-enfant-fille-et-garcon-de-2-ans-a-6-ans-contenu-en-francais\/","title":{"rendered":"VTech &#8211; V-Mix, Mon Robot P\u00e2tissier Magique, Mixeur Blender Cuisine Enfant, Dinette Interactive, 18 Pi\u00e8ces et Accessoires de Jeu, Cadeau Enfant Fille et Gar\u00e7on de 2 Ans \u00e0 6 Ans &#8211; Contenu en Fran\u00e7ais"},"content":{"rendered":"","protected":false},"excerpt":{"rendered":"","protected":false},"featured_media":5498,"comment_status":"open","ping_status":"closed","template":"","meta":{"site-sidebar-layout":"default","site-content-layout":"","ast-site-content-layout":"default","site-content-style":"default","site-sidebar-style":"default","ast-global-header-display":"","ast-banner-title-visibility":"","ast-main-header-display":"","ast-hfb-above-header-display":"","ast-hfb-below-header-display":"","ast-hfb-mobile-header-display":"","site-post-title":"","ast-breadcrumbs-content":"","ast-featured-img":"","footer-sml-layout":"","theme-transparent-header-meta":"default","adv-header-id-meta":"","stick-header-meta":"","header-above-stick-meta":"","header-main-stick-meta":"","header-below-stick-meta":"","astra-migrate-meta-layouts":"set","ast-page-background-enabled":"default","ast-page-background-meta":{"desktop":{"background-color":"","background-image":"","background-repeat":"repeat","background-position":"center center","background-size":"auto","background-attachment":"scroll","background-type":"","background-media":"","overlay-type":"","overlay-color":"","overlay-opacity":"","overlay-gradient":""},"tablet":{"background-color":"","background-image":"","background-repeat":"repeat","background-position":"center center","background-size":"auto","background-attachment":"scroll","background-type":"","background-media":"","overlay-type":"","overlay-color":"","overlay-opacity":"","overlay-gradient":""},"mobile":{"background-color":"","background-image":"","background-repeat":"repeat","background-position":"center center","background-size":"auto","background-attachment":"scroll","background-type":"","background-media":"","overlay-type":"","overlay-color":"","overlay-opacity":"","overlay-gradient":""}},"ast-content-background-meta":{"desktop":{"background-color":"var(--ast-global-color-5)","background-image":"","background-repeat":"repeat","background-position":"center center","background-size":"auto","background-attachment":"scroll","background-type":"","background-media":"","overlay-type":"","overlay-color":"","overlay-opacity":"","overlay-gradient":""},"tablet":{"background-color":"var(--ast-global-color-5)","background-image":"","background-repeat":"repeat","background-position":"center center","background-size":"auto","background-attachment":"scroll","background-type":"","background-media":"","overlay-type":"","overlay-color":"","overlay-opacity":"","overlay-gradient":""},"mobile":{"background-color":"var(--ast-global-color-5)","background-image":"","background-repeat":"repeat","background-position":"center center","background-size":"auto","background-attachment":"scroll","background-type":"","background-media":"","overlay-type":"","overlay-color":"","overlay-opacity":"","overlay-gradient":""}}},"product_brand":[],"product_cat":[25,15,39],"product_tag":[],"class_list":{"0":"post-5497","1":"product","2":"type-product","3":"status-publish","4":"has-post-thumbnail","6":"product_cat-fille","7":"product_cat-tous","8":"product_cat-vtech","9":"desktop-align-center","10":"tablet-align-center","11":"mobile-align-center","13":"first","14":"outofstock","15":"shipping-taxable","16":"purchasable","17":"product-type-simple"},"jetpack_sharing_enabled":true,"_links":{"self":[{"href":"https:\/\/disneylanddz.com\/ar\/wp-json\/wp\/v2\/product\/5497","targetHints":{"allow":["GET"]}}],"collection":[{"href":"https:\/\/disneylanddz.com\/ar\/wp-json\/wp\/v2\/product"}],"about":[{"href":"https:\/\/disneylanddz.com\/ar\/wp-json\/wp\/v2\/types\/product"}],"replies":[{"embeddable":true,"href":"https:\/\/disneylanddz.com\/ar\/wp-json\/wp\/v2\/comments?post=5497"}],"wp:featuredmedia":[{"embeddable":true,"href":"https:\/\/disneylanddz.com\/ar\/wp-json\/wp\/v2\/media\/5498"}],"wp:attachment":[{"href":"https:\/\/disneylanddz.com\/ar\/wp-json\/wp\/v2\/media?parent=5497"}],"wp:term":[{"taxonomy":"product_brand","embeddable":true,"href":"https:\/\/disneylanddz.com\/ar\/wp-json\/wp\/v2\/product_brand?post=5497"},{"taxonomy":"product_cat","embeddable":true,"href":"https:\/\/disneylanddz.com\/ar\/wp-json\/wp\/v2\/product_cat?post=5497"},{"taxonomy":"product_tag","embeddable":true,"href":"https:\/\/disneylanddz.com\/ar\/wp-json\/wp\/v2\/product_tag?post=5497"}],"curies":[{"name":"wp","href":"https:\/\/api.w.org\/{rel}","templated":true}]}}